{"id":947,"date":"2022-08-20T19:06:51","date_gmt":"2022-08-20T19:06:51","guid":{"rendered":"http:\/\/escuelademanejoalfa.com\/web\/?page_id=947"},"modified":"2022-09-19T20:50:55","modified_gmt":"2022-09-19T20:50:55","slug":"tip4","status":"publish","type":"page","link":"http:\/\/escuelademanejoalfa.com\/web\/tip4\/","title":{"rendered":"Tip4"},"content":{"rendered":"\t\t<div data-elementor-type=\"wp-page\" data-elementor-id=\"947\" class=\"elementor elementor-947\" data-elementor-settings=\"[]\">\n\t\t\t\t\t\t\t<div class=\"elementor-section-wrap\">\n\t\t\t\t\t\t\t<section class=\"elementor-section elementor-top-section elementor-element elementor-element-b379f65 elementor-section-content-middle elementor-section-boxed elementor-section-height-default elementor-section-height-default\" data-id=\"b379f65\" data-element_type=\"section\" data-settings=\"{&quot;background_background&quot;:&quot;classic&quot;}\">\n\t\t\t\t\t\t\t<div class=\"elementor-background-overlay\"><\/div>\n\t\t\t\t\t\t\t<div class=\"elementor-container elementor-column-gap-no\">\n\t\t\t\t\t<div class=\"elementor-column elementor-col-100 elementor-top-column elementor-element elementor-element-67caa88\" data-id=\"67caa88\" data-element_type=\"column\">\n\t\t\t<div class=\"elementor-widget-wrap elementor-element-populated\">\n\t\t\t\t\t\t\t\t<div class=\"elementor-element elementor-element-f5a6544 elementor-widget elementor-widget-heading\" data-id=\"f5a6544\" data-element_type=\"widget\" data-widget_type=\"heading.default\">\n\t\t\t\t<div class=\"elementor-widget-container\">\n\t\t\t<h2 class=\"elementor-heading-title elementor-size-default\">ALFA TIPS<\/h2>\t\t<\/div>\n\t\t\t\t<\/div>\n\t\t\t\t\t<\/div>\n\t\t<\/div>\n\t\t\t\t\t\t\t<\/div>\n\t\t<\/section>\n\t\t\t\t<section class=\"elementor-section elementor-top-section elementor-element elementor-element-c53f9b3 elementor-section-content-middle elementor-section-boxed elementor-section-height-default elementor-section-height-default\" data-id=\"c53f9b3\" data-element_type=\"section\" data-settings=\"{&quot;background_background&quot;:&quot;classic&quot;}\">\n\t\t\t\t\t\t<div class=\"elementor-container elementor-column-gap-no\">\n\t\t\t\t\t<div class=\"elementor-column elementor-col-100 elementor-top-column elementor-element elementor-element-94147f4\" data-id=\"94147f4\" data-element_type=\"column\">\n\t\t\t<div class=\"elementor-widget-wrap elementor-element-populated\">\n\t\t\t\t\t\t\t\t<div class=\"elementor-element elementor-element-d9179d0 elementor-widget__width-initial elementor-fixed elementor-shape-rounded elementor-grid-0 e-grid-align-center elementor-widget elementor-widget-social-icons\" data-id=\"d9179d0\" data-element_type=\"widget\" data-settings=\"{&quot;_position&quot;:&quot;fixed&quot;}\" data-widget_type=\"social-icons.default\">\n\t\t\t\t<div class=\"elementor-widget-container\">\n\t\t\t\t\t<div class=\"elementor-social-icons-wrapper elementor-grid\">\n\t\t\t\t\t\t\t<span class=\"elementor-grid-item\">\n\t\t\t\t\t<a class=\"elementor-icon elementor-social-icon elementor-social-icon-facebook elementor-animation-grow elementor-repeater-item-d313816\" href=\"https:\/\/www.facebook.com\/alfaescuelademanejo\" target=\"_blank\">\n\t\t\t\t\t\t<span class=\"elementor-screen-only\">Facebook<\/span>\n\t\t\t\t\t\t<i class=\"fab fa-facebook\"><\/i>\t\t\t\t\t<\/a>\n\t\t\t\t<\/span>\n\t\t\t\t\t\t\t<span class=\"elementor-grid-item\">\n\t\t\t\t\t<a class=\"elementor-icon elementor-social-icon elementor-social-icon-instagram elementor-animation-grow elementor-repeater-item-5b2db8f\" href=\"https:\/\/www.instagram.com\/alfaescuelademanejo\/\" target=\"_blank\">\n\t\t\t\t\t\t<span class=\"elementor-screen-only\">Instagram<\/span>\n\t\t\t\t\t\t<i class=\"fab fa-instagram\"><\/i>\t\t\t\t\t<\/a>\n\t\t\t\t<\/span>\n\t\t\t\t\t\t\t<span class=\"elementor-grid-item\">\n\t\t\t\t\t<a class=\"elementor-icon elementor-social-icon elementor-social-icon-tiktok elementor-animation-grow elementor-repeater-item-bace926\" href=\"https:\/\/www.tiktok.com\/@alfaescuelademanejo\" target=\"_blank\">\n\t\t\t\t\t\t<span class=\"elementor-screen-only\">Tiktok<\/span>\n\t\t\t\t\t\t<i class=\"fab fa-tiktok\"><\/i>\t\t\t\t\t<\/a>\n\t\t\t\t<\/span>\n\t\t\t\t\t\t\t<span class=\"elementor-grid-item\">\n\t\t\t\t\t<a class=\"elementor-icon elementor-social-icon elementor-social-icon-whatsapp elementor-animation-grow elementor-repeater-item-39aaac4\" href=\"http:\/\/wa.link\/kf408y\" target=\"_blank\">\n\t\t\t\t\t\t<span class=\"elementor-screen-only\">Whatsapp<\/span>\n\t\t\t\t\t\t<i class=\"fab fa-whatsapp\"><\/i>\t\t\t\t\t<\/a>\n\t\t\t\t<\/span>\n\t\t\t\t\t<\/div>\n\t\t\t\t<\/div>\n\t\t\t\t<\/div>\n\t\t\t\t<div class=\"elementor-element elementor-element-0ae12eb elementor-widget elementor-widget-heading\" data-id=\"0ae12eb\" data-element_type=\"widget\" data-widget_type=\"heading.default\">\n\t\t\t\t<div class=\"elementor-widget-container\">\n\t\t\t<h4 class=\"elementor-heading-title elementor-size-default\">Caducidad de los neum\u00e1ticos: \u00bfcu\u00e1nto duran las ruedas de un coche?<\/h4>\t\t<\/div>\n\t\t\t\t<\/div>\n\t\t\t\t<div class=\"elementor-element elementor-element-b177185 elementor-widget elementor-widget-text-editor\" data-id=\"b177185\" data-element_type=\"widget\" data-widget_type=\"text-editor.default\">\n\t\t\t\t<div class=\"elementor-widget-container\">\n\t\t\t\t\t\t\t<p>A todos nos gustar\u00eda que los neum\u00e1ticos durasen para siempre, pero no es as\u00ed. Cada vez que utilizas el coche sufren un desgaste que va acortando su vida \u00fatil. El n\u00famero de kil\u00f3metros que puedes hacer con ellos depende de c\u00f3mo conduzcas, del estado del coche y de la calzada, de la temperatura y de otros muchos factores. Los neum\u00e1ticos no tienen una fecha concreta de caducidad, pero s\u00ed dan pistas de cu\u00e1ndo debes cambiarlos.<\/p><p>Del neum\u00e1tico depende la distancia de frenado, el agarre en curva, la estabilidad\u2026\u00a0pero sus propiedades se van deteriorando con el paso del tiempo, es decir,\u00a0no caducan pero envejecen.<\/p>\t\t\t\t\t\t<\/div>\n\t\t\t\t<\/div>\n\t\t\t\t<div class=\"elementor-element elementor-element-b7112db elementor-widget elementor-widget-image\" data-id=\"b7112db\" data-element_type=\"widget\" data-widget_type=\"image.default\">\n\t\t\t\t<div class=\"elementor-widget-container\">\n\t\t\t\t\t\t\t\t\t\t\t\t\t\t\t<img loading=\"lazy\" decoding=\"async\" width=\"600\" height=\"494\" src=\"http:\/\/escuelademanejoalfa.com\/web\/wp-content\/uploads\/2022\/08\/imagen_tip4_2.webp\" class=\"attachment-large size-large\" alt=\"\" srcset=\"http:\/\/escuelademanejoalfa.com\/web\/wp-content\/uploads\/2022\/08\/imagen_tip4_2.webp 600w, http:\/\/escuelademanejoalfa.com\/web\/wp-content\/uploads\/2022\/08\/imagen_tip4_2-300x247.webp 300w\" sizes=\"auto, (max-width: 600px) 100vw, 600px\" \/>\t\t\t\t\t\t\t\t\t\t\t\t\t\t\t<\/div>\n\t\t\t\t<\/div>\n\t\t\t\t\t<\/div>\n\t\t<\/div>\n\t\t\t\t\t\t\t<\/div>\n\t\t<\/section>\n\t\t\t\t<section class=\"elementor-section elementor-top-section elementor-element elementor-element-bb4f481 elementor-section-content-middle elementor-section-boxed elementor-section-height-default elementor-section-height-default\" data-id=\"bb4f481\" data-element_type=\"section\" data-settings=\"{&quot;background_background&quot;:&quot;classic&quot;}\">\n\t\t\t\t\t\t<div class=\"elementor-container elementor-column-gap-no\">\n\t\t\t\t\t<div class=\"elementor-column elementor-col-100 elementor-top-column elementor-element elementor-element-bab9914\" data-id=\"bab9914\" data-element_type=\"column\">\n\t\t\t<div class=\"elementor-widget-wrap elementor-element-populated\">\n\t\t\t\t\t\t\t\t<div class=\"elementor-element elementor-element-1a59a03 elementor-widget elementor-widget-text-editor\" data-id=\"1a59a03\" data-element_type=\"widget\" data-widget_type=\"text-editor.default\">\n\t\t\t\t<div class=\"elementor-widget-container\">\n\t\t\t\t\t\t\t<p>Transcurridos diez a\u00f1os desde la fecha\u00a0de fabricaci\u00f3n \u2013no la de montaje- las propiedades del neum\u00e1tico se van deteriorando y no ofrece la misma seguridad, por lo que recomiendan su sustituci\u00f3n por unos nuevos<\/p><p>Para conocer la fecha de fabricaci\u00f3n de un neum\u00e1tico s\u00f3lo debes observar su flanco y buscar las cuatro cifras que aparecen en un c\u00edrculo y que acompa\u00f1an al c\u00f3digo DOT (Department Of Transportation): las dos primeras se refieren a la semana de fabricaci\u00f3n y las dos \u00faltimas al a\u00f1o en el que fueron fabricados.<\/p>\t\t\t\t\t\t<\/div>\n\t\t\t\t<\/div>\n\t\t\t\t\t<\/div>\n\t\t<\/div>\n\t\t\t\t\t\t\t<\/div>\n\t\t<\/section>\n\t\t\t\t<section class=\"elementor-section elementor-top-section elementor-element elementor-element-178b1eb5 elementor-section-content-middle elementor-section-boxed elementor-section-height-default elementor-section-height-default\" data-id=\"178b1eb5\" data-element_type=\"section\">\n\t\t\t\t\t\t<div class=\"elementor-container elementor-column-gap-no\">\n\t\t\t\t\t<div class=\"elementor-column elementor-col-100 elementor-top-column elementor-element elementor-element-d6ab32a\" data-id=\"d6ab32a\" data-element_type=\"column\">\n\t\t\t<div class=\"elementor-widget-wrap elementor-element-populated\">\n\t\t\t\t\t\t\t\t<div class=\"elementor-element elementor-element-c075f7f elementor-widget elementor-widget-image\" data-id=\"c075f7f\" data-element_type=\"widget\" data-widget_type=\"image.default\">\n\t\t\t\t<div class=\"elementor-widget-container\">\n\t\t\t\t\t\t\t\t\t\t\t\t\t\t\t<img loading=\"lazy\" decoding=\"async\" width=\"800\" height=\"800\" src=\"http:\/\/escuelademanejoalfa.com\/web\/wp-content\/uploads\/2022\/08\/imagen_tip4.jpg\" class=\"attachment-large size-large\" alt=\"\" srcset=\"http:\/\/escuelademanejoalfa.com\/web\/wp-content\/uploads\/2022\/08\/imagen_tip4.jpg 800w, http:\/\/escuelademanejoalfa.com\/web\/wp-content\/uploads\/2022\/08\/imagen_tip4-300x300.jpg 300w, http:\/\/escuelademanejoalfa.com\/web\/wp-content\/uploads\/2022\/08\/imagen_tip4-150x150.jpg 150w, http:\/\/escuelademanejoalfa.com\/web\/wp-content\/uploads\/2022\/08\/imagen_tip4-768x768.jpg 768w\" sizes=\"auto, (max-width: 800px) 100vw, 800px\" \/>\t\t\t\t\t\t\t\t\t\t\t\t\t\t\t<\/div>\n\t\t\t\t<\/div>\n\t\t\t\t\t<\/div>\n\t\t<\/div>\n\t\t\t\t\t\t\t<\/div>\n\t\t<\/section>\n\t\t\t\t\t\t<\/div>\n\t\t\t\t\t<\/div>\n\t\t","protected":false},"excerpt":{"rendered":"<p>ALFA TIPS Facebook Instagram Tiktok Whatsapp Caducidad de los neum\u00e1ticos: \u00bfcu\u00e1nto duran las ruedas de un coche? A todos nos gustar\u00eda que los neum\u00e1ticos durasen para siempre, pero no es as\u00ed. Cada vez que utilizas el coche sufren un desgaste que va acortando su vida \u00fatil. El n\u00famero de kil\u00f3metros que puedes hacer con ellos &hellip;<\/p>\n<p class=\"read-more\"> <a class=\"\" href=\"http:\/\/escuelademanejoalfa.com\/web\/tip4\/\"> <span class=\"screen-reader-text\">Tip4<\/span> Leer m\u00e1s &raquo;<\/a><\/p>\n","protected":false},"author":2,"featured_media":0,"parent":0,"menu_order":0,"comment_status":"closed","ping_status":"closed","template":"","meta":{"footnotes":""},"class_list":["post-947","page","type-page","status-publish","hentry"],"_links":{"self":[{"href":"http:\/\/escuelademanejoalfa.com\/web\/wp-json\/wp\/v2\/pages\/947","targetHints":{"allow":["GET"]}}],"collection":[{"href":"http:\/\/escuelademanejoalfa.com\/web\/wp-json\/wp\/v2\/pages"}],"about":[{"href":"http:\/\/escuelademanejoalfa.com\/web\/wp-json\/wp\/v2\/types\/page"}],"author":[{"embeddable":true,"href":"http:\/\/escuelademanejoalfa.com\/web\/wp-json\/wp\/v2\/users\/2"}],"replies":[{"embeddable":true,"href":"http:\/\/escuelademanejoalfa.com\/web\/wp-json\/wp\/v2\/comments?post=947"}],"version-history":[{"count":17,"href":"http:\/\/escuelademanejoalfa.com\/web\/wp-json\/wp\/v2\/pages\/947\/revisions"}],"predecessor-version":[{"id":1849,"href":"http:\/\/escuelademanejoalfa.com\/web\/wp-json\/wp\/v2\/pages\/947\/revisions\/1849"}],"wp:attachment":[{"href":"http:\/\/escuelademanejoalfa.com\/web\/wp-json\/wp\/v2\/media?parent=947"}],"curies":[{"name":"wp","href":"https:\/\/api.w.org\/{rel}","templated":true}]}}