{"id":350,"date":"2021-10-11T04:57:55","date_gmt":"2021-10-11T04:57:55","guid":{"rendered":"http:\/\/escuelademanejoalfa.com\/web\/?page_id=350"},"modified":"2024-11-06T21:38:00","modified_gmt":"2024-11-06T21:38:00","slug":"contacto","status":"publish","type":"page","link":"http:\/\/escuelademanejoalfa.com\/web\/contacto\/","title":{"rendered":"Contacto"},"content":{"rendered":"\t\t<div data-elementor-type=\"wp-page\" data-elementor-id=\"350\" class=\"elementor elementor-350\" data-elementor-settings=\"[]\">\n\t\t\t\t\t\t\t<div class=\"elementor-section-wrap\">\n\t\t\t\t\t\t\t<section class=\"elementor-section elementor-top-section elementor-element elementor-element-bcad734 elementor-section-content-middle elementor-section-boxed elementor-section-height-default elementor-section-height-default\" data-id=\"bcad734\" data-element_type=\"section\" data-settings=\"{&quot;background_background&quot;:&quot;classic&quot;}\">\n\t\t\t\t\t\t\t<div class=\"elementor-background-overlay\"><\/div>\n\t\t\t\t\t\t\t<div class=\"elementor-container elementor-column-gap-no\">\n\t\t\t\t\t<div class=\"elementor-column elementor-col-100 elementor-top-column elementor-element elementor-element-5df235a\" data-id=\"5df235a\" data-element_type=\"column\">\n\t\t\t<div class=\"elementor-widget-wrap\">\n\t\t\t\t\t\t\t\t\t<\/div>\n\t\t<\/div>\n\t\t\t\t\t\t\t<\/div>\n\t\t<\/section>\n\t\t\t\t<section class=\"elementor-section elementor-top-section elementor-element elementor-element-74d9c3f elementor-section-content-middle elementor-section-boxed elementor-section-height-default elementor-section-height-default\" data-id=\"74d9c3f\" data-element_type=\"section\" data-settings=\"{&quot;background_background&quot;:&quot;classic&quot;}\">\n\t\t\t\t\t\t<div class=\"elementor-container elementor-column-gap-no\">\n\t\t\t\t\t<div class=\"elementor-column elementor-col-33 elementor-top-column elementor-element elementor-element-7ebae10a\" data-id=\"7ebae10a\" data-element_type=\"column\">\n\t\t\t<div class=\"elementor-widget-wrap elementor-element-populated\">\n\t\t\t\t\t\t\t\t<div class=\"elementor-element elementor-element-3d5c619c elementor-widget elementor-widget-image\" data-id=\"3d5c619c\" data-element_type=\"widget\" data-widget_type=\"image.default\">\n\t\t\t\t<div class=\"elementor-widget-container\">\n\t\t\t\t\t\t\t\t\t\t\t\t\t\t\t<img loading=\"lazy\" decoding=\"async\" width=\"497\" height=\"700\" src=\"http:\/\/escuelademanejoalfa.com\/web\/wp-content\/uploads\/2022\/09\/agente1.png\" class=\"attachment-full size-full\" alt=\"\" srcset=\"http:\/\/escuelademanejoalfa.com\/web\/wp-content\/uploads\/2022\/09\/agente1.png 497w, http:\/\/escuelademanejoalfa.com\/web\/wp-content\/uploads\/2022\/09\/agente1-213x300.png 213w\" sizes=\"auto, (max-width: 497px) 100vw, 497px\" \/>\t\t\t\t\t\t\t\t\t\t\t\t\t\t\t<\/div>\n\t\t\t\t<\/div>\n\t\t\t\t\t<\/div>\n\t\t<\/div>\n\t\t\t\t<div class=\"elementor-column elementor-col-33 elementor-top-column elementor-element elementor-element-6408db9f\" data-id=\"6408db9f\" data-element_type=\"column\">\n\t\t\t<div class=\"elementor-widget-wrap elementor-element-populated\">\n\t\t\t\t\t\t\t\t<div class=\"elementor-element elementor-element-0a9824a elementor-widget elementor-widget-image\" data-id=\"0a9824a\" data-element_type=\"widget\" data-widget_type=\"image.default\">\n\t\t\t\t<div class=\"elementor-widget-container\">\n\t\t\t\t\t\t\t\t\t\t\t\t\t\t\t<img loading=\"lazy\" decoding=\"async\" width=\"1024\" height=\"512\" src=\"http:\/\/escuelademanejoalfa.com\/web\/wp-content\/uploads\/2021\/09\/cropped-WhatsApp-Image-2021-09-14-at-10.57.57-167x84.jpeg\" class=\"attachment-large size-large\" alt=\"\" srcset=\"http:\/\/escuelademanejoalfa.com\/web\/wp-content\/uploads\/2021\/09\/cropped-WhatsApp-Image-2021-09-14-at-10.57.57-1024x512.jpeg 1024w, http:\/\/escuelademanejoalfa.com\/web\/wp-content\/uploads\/2021\/09\/cropped-WhatsApp-Image-2021-09-14-at-10.57.57-300x150.jpeg 300w, http:\/\/escuelademanejoalfa.com\/web\/wp-content\/uploads\/2021\/09\/cropped-WhatsApp-Image-2021-09-14-at-10.57.57-768x384.jpeg 768w, http:\/\/escuelademanejoalfa.com\/web\/wp-content\/uploads\/2021\/09\/cropped-WhatsApp-Image-2021-09-14-at-10.57.57-167x84.jpeg 167w, http:\/\/escuelademanejoalfa.com\/web\/wp-content\/uploads\/2021\/09\/cropped-WhatsApp-Image-2021-09-14-at-10.57.57.jpeg 1181w\" sizes=\"auto, (max-width: 1024px) 100vw, 1024px\" \/>\t\t\t\t\t\t\t\t\t\t\t\t\t\t\t<\/div>\n\t\t\t\t<\/div>\n\t\t\t\t<div class=\"elementor-element elementor-element-1bcc17d2 elementor-widget elementor-widget-heading\" data-id=\"1bcc17d2\" data-element_type=\"widget\" data-widget_type=\"heading.default\">\n\t\t\t\t<div class=\"elementor-widget-container\">\n\t\t\t<h4 class=\"elementor-heading-title elementor-size-default\">LL\u00c1MANOS O ESCR\u00cdBENOS<\/h4>\t\t<\/div>\n\t\t\t\t<\/div>\n\t\t\t\t<div class=\"elementor-element elementor-element-4a832db elementor-widget elementor-widget-image\" data-id=\"4a832db\" data-element_type=\"widget\" data-widget_type=\"image.default\">\n\t\t\t\t<div class=\"elementor-widget-container\">\n\t\t\t\t\t\t\t\t\t\t\t\t\t\t\t<img decoding=\"async\" src=\"http:\/\/escuelademanejoalfa.com\/web\/wp-content\/uploads\/2021\/12\/whatsapp_svg.svg\" title=\"whatsapp_svg\" alt=\"whatsapp_svg\" \/>\t\t\t\t\t\t\t\t\t\t\t\t\t\t\t<\/div>\n\t\t\t\t<\/div>\n\t\t\t\t<div class=\"elementor-element elementor-element-12bc7007 elementor-widget elementor-widget-text-editor\" data-id=\"12bc7007\" data-element_type=\"widget\" data-widget_type=\"text-editor.default\">\n\t\t\t\t<div class=\"elementor-widget-container\">\n\t\t\t\t\t\t\t<p style=\"text-align: center;\">55 4580-4391<br \/>escuelademanejoalfa@gmail.com<\/p>\t\t\t\t\t\t<\/div>\n\t\t\t\t<\/div>\n\t\t\t\t<div class=\"elementor-element elementor-element-147ad99 elementor-widget elementor-widget-image\" data-id=\"147ad99\" data-element_type=\"widget\" data-widget_type=\"image.default\">\n\t\t\t\t<div class=\"elementor-widget-container\">\n\t\t\t\t\t\t\t\t\t\t\t\t\t\t\t<img loading=\"lazy\" decoding=\"async\" width=\"400\" height=\"87\" src=\"http:\/\/escuelademanejoalfa.com\/web\/wp-content\/uploads\/2022\/09\/horario_2.png\" class=\"attachment-large size-large\" alt=\"\" srcset=\"http:\/\/escuelademanejoalfa.com\/web\/wp-content\/uploads\/2022\/09\/horario_2.png 400w, http:\/\/escuelademanejoalfa.com\/web\/wp-content\/uploads\/2022\/09\/horario_2-300x65.png 300w\" sizes=\"auto, (max-width: 400px) 100vw, 400px\" \/>\t\t\t\t\t\t\t\t\t\t\t\t\t\t\t<\/div>\n\t\t\t\t<\/div>\n\t\t\t\t<div class=\"elementor-element elementor-element-6bffef0 elementor-widget elementor-widget-text-editor\" data-id=\"6bffef0\" data-element_type=\"widget\" data-widget_type=\"text-editor.default\">\n\t\t\t\t<div class=\"elementor-widget-container\">\n\t\t\t\t\t\t\t<p class=\"_04xlpA direction-ltr align-start para-style-body\" style=\"text-align: center;\"><span class=\"JsGRdQ\">Lunes a viernes de 9 am &#8211; 7 pm<br \/><\/span><span class=\"JsGRdQ\">S\u00e1bados de 9 am &#8211; 4 pm<\/span><\/p>\t\t\t\t\t\t<\/div>\n\t\t\t\t<\/div>\n\t\t\t\t\t<\/div>\n\t\t<\/div>\n\t\t\t\t<div class=\"elementor-column elementor-col-33 elementor-top-column elementor-element elementor-element-41aad6b\" data-id=\"41aad6b\" data-element_type=\"column\">\n\t\t\t<div class=\"elementor-widget-wrap elementor-element-populated\">\n\t\t\t\t\t\t\t\t<div class=\"elementor-element elementor-element-bc849c1 elementor-widget elementor-widget-image\" data-id=\"bc849c1\" data-element_type=\"widget\" data-widget_type=\"image.default\">\n\t\t\t\t<div class=\"elementor-widget-container\">\n\t\t\t\t\t\t\t\t\t\t\t\t\t\t\t<img loading=\"lazy\" decoding=\"async\" width=\"497\" height=\"700\" src=\"http:\/\/escuelademanejoalfa.com\/web\/wp-content\/uploads\/2022\/09\/agente2.png\" class=\"attachment-full size-full\" alt=\"\" srcset=\"http:\/\/escuelademanejoalfa.com\/web\/wp-content\/uploads\/2022\/09\/agente2.png 497w, http:\/\/escuelademanejoalfa.com\/web\/wp-content\/uploads\/2022\/09\/agente2-213x300.png 213w\" sizes=\"auto, (max-width: 497px) 100vw, 497px\" \/>\t\t\t\t\t\t\t\t\t\t\t\t\t\t\t<\/div>\n\t\t\t\t<\/div>\n\t\t\t\t\t<\/div>\n\t\t<\/div>\n\t\t\t\t\t\t\t<\/div>\n\t\t<\/section>\n\t\t\t\t<section class=\"elementor-section elementor-top-section elementor-element elementor-element-50a62ebd elementor-section-content-middle elementor-section-boxed elementor-section-height-default elementor-section-height-default\" data-id=\"50a62ebd\" data-element_type=\"section\" data-settings=\"{&quot;background_background&quot;:&quot;classic&quot;}\">\n\t\t\t\t\t\t<div class=\"elementor-container elementor-column-gap-no\">\n\t\t\t\t\t<div class=\"elementor-column elementor-col-100 elementor-top-column elementor-element elementor-element-6362d10e\" data-id=\"6362d10e\" data-element_type=\"column\">\n\t\t\t<div class=\"elementor-widget-wrap elementor-element-populated\">\n\t\t\t\t\t\t\t\t<div class=\"elementor-element elementor-element-67a24aeb elementor-widget elementor-widget-heading\" data-id=\"67a24aeb\" data-element_type=\"widget\" data-widget_type=\"heading.default\">\n\t\t\t\t<div class=\"elementor-widget-container\">\n\t\t\t<h6 class=\"elementor-heading-title elementor-size-default\">SUCURSAL de informaci\u00f3n oriente<\/h6>\t\t<\/div>\n\t\t\t\t<\/div>\n\t\t\t\t<div class=\"elementor-element elementor-element-3bdaf5c9 elementor-widget elementor-widget-heading\" data-id=\"3bdaf5c9\" data-element_type=\"widget\" data-widget_type=\"heading.default\">\n\t\t\t\t<div class=\"elementor-widget-container\">\n\t\t\t<h6 class=\"elementor-heading-title elementor-size-default\">55 5785-6195<\/h6>\t\t<\/div>\n\t\t\t\t<\/div>\n\t\t\t\t<div class=\"elementor-element elementor-element-31aa142 elementor-widget elementor-widget-heading\" data-id=\"31aa142\" data-element_type=\"widget\" data-widget_type=\"heading.default\">\n\t\t\t\t<div class=\"elementor-widget-container\">\n\t\t\t<h6 class=\"elementor-heading-title elementor-size-default\">55 5762-7298<\/h6>\t\t<\/div>\n\t\t\t\t<\/div>\n\t\t\t\t<div class=\"elementor-element elementor-element-4d8f1f84 elementor-widget elementor-widget-heading\" data-id=\"4d8f1f84\" data-element_type=\"widget\" data-widget_type=\"heading.default\">\n\t\t\t\t<div class=\"elementor-widget-container\">\n\t\t\t<h3 class=\"elementor-heading-title elementor-size-default\">Calle 21 No.73, Col. Valent\u00edn G\u00f3mez Far\u00edas, Ciudad de M\u00e9xico<\/h3>\t\t<\/div>\n\t\t\t\t<\/div>\n\t\t\t\t\t<\/div>\n\t\t<\/div>\n\t\t\t\t\t\t\t<\/div>\n\t\t<\/section>\n\t\t\t\t<section class=\"elementor-section elementor-top-section elementor-element elementor-element-26ef76f elementor-section-boxed elementor-section-height-default elementor-section-height-default\" data-id=\"26ef76f\" data-element_type=\"section\" data-settings=\"{&quot;background_background&quot;:&quot;classic&quot;}\">\n\t\t\t\t\t\t<div class=\"elementor-container elementor-column-gap-default\">\n\t\t\t\t\t<div class=\"elementor-column elementor-col-100 elementor-top-column elementor-element elementor-element-3cfdc92\" data-id=\"3cfdc92\" data-element_type=\"column\">\n\t\t\t<div class=\"elementor-widget-wrap elementor-element-populated\">\n\t\t\t\t\t\t\t\t<div class=\"elementor-element elementor-element-49c5682 elementor-widget__width-initial elementor-fixed elementor-shape-rounded elementor-grid-0 e-grid-align-center elementor-widget elementor-widget-social-icons\" data-id=\"49c5682\" data-element_type=\"widget\" data-settings=\"{&quot;_position&quot;:&quot;fixed&quot;}\" data-widget_type=\"social-icons.default\">\n\t\t\t\t<div class=\"elementor-widget-container\">\n\t\t\t\t\t<div class=\"elementor-social-icons-wrapper elementor-grid\">\n\t\t\t\t\t\t\t<span class=\"elementor-grid-item\">\n\t\t\t\t\t<a class=\"elementor-icon elementor-social-icon elementor-social-icon-facebook elementor-animation-grow elementor-repeater-item-d313816\" href=\"https:\/\/www.facebook.com\/alfaescuelademanejo\" target=\"_blank\">\n\t\t\t\t\t\t<span class=\"elementor-screen-only\">Facebook<\/span>\n\t\t\t\t\t\t<i class=\"fab fa-facebook\"><\/i>\t\t\t\t\t<\/a>\n\t\t\t\t<\/span>\n\t\t\t\t\t\t\t<span class=\"elementor-grid-item\">\n\t\t\t\t\t<a class=\"elementor-icon elementor-social-icon elementor-social-icon-instagram elementor-animation-grow elementor-repeater-item-5b2db8f\" href=\"https:\/\/www.instagram.com\/alfaescuelademanejo\/\" target=\"_blank\">\n\t\t\t\t\t\t<span class=\"elementor-screen-only\">Instagram<\/span>\n\t\t\t\t\t\t<i class=\"fab fa-instagram\"><\/i>\t\t\t\t\t<\/a>\n\t\t\t\t<\/span>\n\t\t\t\t\t\t\t<span class=\"elementor-grid-item\">\n\t\t\t\t\t<a class=\"elementor-icon elementor-social-icon elementor-social-icon-tiktok elementor-animation-grow elementor-repeater-item-bace926\" href=\"https:\/\/www.tiktok.com\/@alfaescuelademanejo\" target=\"_blank\">\n\t\t\t\t\t\t<span class=\"elementor-screen-only\">Tiktok<\/span>\n\t\t\t\t\t\t<i class=\"fab fa-tiktok\"><\/i>\t\t\t\t\t<\/a>\n\t\t\t\t<\/span>\n\t\t\t\t\t\t\t<span class=\"elementor-grid-item\">\n\t\t\t\t\t<a class=\"elementor-icon elementor-social-icon elementor-social-icon-whatsapp elementor-animation-grow elementor-repeater-item-39aaac4\" href=\"http:\/\/wa.link\/kf408y\" target=\"_blank\">\n\t\t\t\t\t\t<span class=\"elementor-screen-only\">Whatsapp<\/span>\n\t\t\t\t\t\t<i class=\"fab fa-whatsapp\"><\/i>\t\t\t\t\t<\/a>\n\t\t\t\t<\/span>\n\t\t\t\t\t<\/div>\n\t\t\t\t<\/div>\n\t\t\t\t<\/div>\n\t\t\t\t\t<\/div>\n\t\t<\/div>\n\t\t\t\t\t\t\t<\/div>\n\t\t<\/section>\n\t\t\t\t<section class=\"elementor-section elementor-top-section elementor-element elementor-element-1277e09a elementor-section-full_width elementor-section-height-default elementor-section-height-default\" data-id=\"1277e09a\" data-element_type=\"section\" data-settings=\"{&quot;background_background&quot;:&quot;classic&quot;}\">\n\t\t\t\t\t\t<div class=\"elementor-container elementor-column-gap-no\">\n\t\t\t\t\t<div class=\"elementor-column elementor-col-100 elementor-top-column elementor-element elementor-element-7f58b0bb\" data-id=\"7f58b0bb\" data-element_type=\"column\">\n\t\t\t<div class=\"elementor-widget-wrap elementor-element-populated\">\n\t\t\t\t\t\t\t\t<div class=\"elementor-element elementor-element-1387cc9c elementor-widget elementor-widget-google_maps\" data-id=\"1387cc9c\" data-element_type=\"widget\" data-widget_type=\"google_maps.default\">\n\t\t\t\t<div class=\"elementor-widget-container\">\n\t\t\t\t\t<div class=\"elementor-custom-embed\">\n\t\t\t<iframe frameborder=\"0\" scrolling=\"no\" marginheight=\"0\" marginwidth=\"0\"\n\t\t\t\t\tsrc=\"https:\/\/maps.google.com\/maps?q=Escuela%20de%20Manejo%20Alfa%20Calle%2021%20No.73%2C%20Col.%20Valent%C3%ADn%20G%C3%B3mez%20Far%C3%ADas%2C%20Ciudad%20de%20M%C3%A9xico&#038;t=m&#038;z=18&#038;output=embed&#038;iwloc=near\"\n\t\t\t\t\ttitle=\"Escuela de Manejo Alfa Calle 21 No.73, Col. Valent\u00edn G\u00f3mez Far\u00edas, Ciudad de M\u00e9xico\"\n\t\t\t\t\taria-label=\"Escuela de Manejo Alfa Calle 21 No.73, Col. Valent\u00edn G\u00f3mez Far\u00edas, Ciudad de M\u00e9xico\"\n\t\t\t><\/iframe>\n\t\t<\/div>\n\t\t\t\t<\/div>\n\t\t\t\t<\/div>\n\t\t\t\t\t<\/div>\n\t\t<\/div>\n\t\t\t\t\t\t\t<\/div>\n\t\t<\/section>\n\t\t\t\t<section class=\"elementor-section elementor-top-section elementor-element elementor-element-41043a2 elementor-section-content-middle elementor-section-boxed elementor-section-height-default elementor-section-height-default\" data-id=\"41043a2\" data-element_type=\"section\" data-settings=\"{&quot;background_background&quot;:&quot;classic&quot;}\">\n\t\t\t\t\t\t<div class=\"elementor-container elementor-column-gap-no\">\n\t\t\t\t\t<div class=\"elementor-column elementor-col-100 elementor-top-column elementor-element elementor-element-d76f4e4\" data-id=\"d76f4e4\" data-element_type=\"column\">\n\t\t\t<div class=\"elementor-widget-wrap elementor-element-populated\">\n\t\t\t\t\t\t\t\t<div class=\"elementor-element elementor-element-1c8f211 elementor-widget elementor-widget-heading\" data-id=\"1c8f211\" data-element_type=\"widget\" data-widget_type=\"heading.default\">\n\t\t\t\t<div class=\"elementor-widget-container\">\n\t\t\t<h6 class=\"elementor-heading-title elementor-size-default\">SUCURSALde informaci\u00f3n NORTE<\/h6>\t\t<\/div>\n\t\t\t\t<\/div>\n\t\t\t\t<div class=\"elementor-element elementor-element-967f34b elementor-widget elementor-widget-heading\" data-id=\"967f34b\" data-element_type=\"widget\" data-widget_type=\"heading.default\">\n\t\t\t\t<div class=\"elementor-widget-container\">\n\t\t\t<h6 class=\"elementor-heading-title elementor-size-default\">55 1114-5892<\/h6>\t\t<\/div>\n\t\t\t\t<\/div>\n\t\t\t\t<div class=\"elementor-element elementor-element-e7386ad elementor-widget elementor-widget-heading\" data-id=\"e7386ad\" data-element_type=\"widget\" data-widget_type=\"heading.default\">\n\t\t\t\t<div class=\"elementor-widget-container\">\n\t\t\t<h6 class=\"elementor-heading-title elementor-size-default\">55 5760-2585<\/h6>\t\t<\/div>\n\t\t\t\t<\/div>\n\t\t\t\t<div class=\"elementor-element elementor-element-e657512 elementor-widget elementor-widget-heading\" data-id=\"e657512\" data-element_type=\"widget\" data-widget_type=\"heading.default\">\n\t\t\t\t<div class=\"elementor-widget-container\">\n\t\t\t<h3 class=\"elementor-heading-title elementor-size-default\">Av.506 No.136, Col. San Juan de Arag\u00f3n 2da secci\u00f3n, Ciudad de M\u00e9xico<\/h3>\t\t<\/div>\n\t\t\t\t<\/div>\n\t\t\t\t\t<\/div>\n\t\t<\/div>\n\t\t\t\t\t\t\t<\/div>\n\t\t<\/section>\n\t\t\t\t<section class=\"elementor-section elementor-top-section elementor-element elementor-element-5c8f464 elementor-section-full_width elementor-section-height-default elementor-section-height-default\" data-id=\"5c8f464\" data-element_type=\"section\">\n\t\t\t\t\t\t<div class=\"elementor-container elementor-column-gap-no\">\n\t\t\t\t\t<div class=\"elementor-column elementor-col-100 elementor-top-column elementor-element elementor-element-ccb7e67\" data-id=\"ccb7e67\" data-element_type=\"column\">\n\t\t\t<div class=\"elementor-widget-wrap elementor-element-populated\">\n\t\t\t\t\t\t\t\t<div class=\"elementor-element elementor-element-e38932e elementor-widget elementor-widget-google_maps\" data-id=\"e38932e\" data-element_type=\"widget\" data-widget_type=\"google_maps.default\">\n\t\t\t\t<div class=\"elementor-widget-container\">\n\t\t\t\t\t<div class=\"elementor-custom-embed\">\n\t\t\t<iframe frameborder=\"0\" scrolling=\"no\" marginheight=\"0\" marginwidth=\"0\"\n\t\t\t\t\tsrc=\"https:\/\/maps.google.com\/maps?q=Escuela%20de%20Manejo%20Alfa%20Av.506%20No.136%2C%20Col.%20San%20Juan%20de%20Arag%C3%B3n%202da%20secci%C3%B3n&#038;t=m&#038;z=18&#038;output=embed&#038;iwloc=near\"\n\t\t\t\t\ttitle=\"Escuela de Manejo Alfa Av.506 No.136, Col. San Juan de Arag\u00f3n 2da secci\u00f3n\"\n\t\t\t\t\taria-label=\"Escuela de Manejo Alfa Av.506 No.136, Col. San Juan de Arag\u00f3n 2da secci\u00f3n\"\n\t\t\t><\/iframe>\n\t\t<\/div>\n\t\t\t\t<\/div>\n\t\t\t\t<\/div>\n\t\t\t\t\t<\/div>\n\t\t<\/div>\n\t\t\t\t\t\t\t<\/div>\n\t\t<\/section>\n\t\t\t\t\t\t<\/div>\n\t\t\t\t\t<\/div>\n\t\t","protected":false},"excerpt":{"rendered":"<p>LL\u00c1MANOS O ESCR\u00cdBENOS 55 4580-4391escuelademanejoalfa@gmail.com Lunes a viernes de 9 am &#8211; 7 pmS\u00e1bados de 9 am &#8211; 4 pm SUCURSAL de informaci\u00f3n oriente 55 5785-6195 55 5762-7298 Calle 21 No.73, Col. Valent\u00edn G\u00f3mez Far\u00edas, Ciudad de M\u00e9xico Facebook Instagram Tiktok Whatsapp SUCURSALde informaci\u00f3n NORTE 55 1114-5892 55 5760-2585 Av.506 No.136, Col. San Juan de &hellip;<\/p>\n<p class=\"read-more\"> <a class=\"\" href=\"http:\/\/escuelademanejoalfa.com\/web\/contacto\/\"> <span class=\"screen-reader-text\">Contacto<\/span> Leer m\u00e1s &raquo;<\/a><\/p>\n","protected":false},"author":2,"featured_media":0,"parent":0,"menu_order":0,"comment_status":"closed","ping_status":"closed","template":"","meta":{"footnotes":""},"class_list":["post-350","page","type-page","status-publish","hentry"],"_links":{"self":[{"href":"http:\/\/escuelademanejoalfa.com\/web\/wp-json\/wp\/v2\/pages\/350","targetHints":{"allow":["GET"]}}],"collection":[{"href":"http:\/\/escuelademanejoalfa.com\/web\/wp-json\/wp\/v2\/pages"}],"about":[{"href":"http:\/\/escuelademanejoalfa.com\/web\/wp-json\/wp\/v2\/types\/page"}],"author":[{"embeddable":true,"href":"http:\/\/escuelademanejoalfa.com\/web\/wp-json\/wp\/v2\/users\/2"}],"replies":[{"embeddable":true,"href":"http:\/\/escuelademanejoalfa.com\/web\/wp-json\/wp\/v2\/comments?post=350"}],"version-history":[{"count":115,"href":"http:\/\/escuelademanejoalfa.com\/web\/wp-json\/wp\/v2\/pages\/350\/revisions"}],"predecessor-version":[{"id":2488,"href":"http:\/\/escuelademanejoalfa.com\/web\/wp-json\/wp\/v2\/pages\/350\/revisions\/2488"}],"wp:attachment":[{"href":"http:\/\/escuelademanejoalfa.com\/web\/wp-json\/wp\/v2\/media?parent=350"}],"curies":[{"name":"wp","href":"https:\/\/api.w.org\/{rel}","templated":true}]}}