{"id":1565,"date":"2022-09-08T15:08:50","date_gmt":"2022-09-08T15:08:50","guid":{"rendered":"http:\/\/escuelademanejoalfa.com\/web\/?page_id=1565"},"modified":"2022-09-19T20:59:48","modified_gmt":"2022-09-19T20:59:48","slug":"tip15","status":"publish","type":"page","link":"http:\/\/escuelademanejoalfa.com\/web\/tip15\/","title":{"rendered":"tip15"},"content":{"rendered":"\t\t<div data-elementor-type=\"wp-page\" data-elementor-id=\"1565\" class=\"elementor elementor-1565\" data-elementor-settings=\"[]\">\n\t\t\t\t\t\t\t<div class=\"elementor-section-wrap\">\n\t\t\t\t\t\t\t<section class=\"elementor-section elementor-top-section elementor-element elementor-element-4e86cd7 elementor-section-content-middle elementor-section-boxed elementor-section-height-default elementor-section-height-default\" data-id=\"4e86cd7\" data-element_type=\"section\" data-settings=\"{&quot;background_background&quot;:&quot;classic&quot;}\">\n\t\t\t\t\t\t\t<div class=\"elementor-background-overlay\"><\/div>\n\t\t\t\t\t\t\t<div class=\"elementor-container elementor-column-gap-no\">\n\t\t\t\t\t<div class=\"elementor-column elementor-col-100 elementor-top-column elementor-element elementor-element-71d5c22\" data-id=\"71d5c22\" data-element_type=\"column\">\n\t\t\t<div class=\"elementor-widget-wrap elementor-element-populated\">\n\t\t\t\t\t\t\t\t<div class=\"elementor-element elementor-element-8990816 elementor-widget elementor-widget-heading\" data-id=\"8990816\" data-element_type=\"widget\" data-widget_type=\"heading.default\">\n\t\t\t\t<div class=\"elementor-widget-container\">\n\t\t\t<h2 class=\"elementor-heading-title elementor-size-default\">ALFA TIPS<\/h2>\t\t<\/div>\n\t\t\t\t<\/div>\n\t\t\t\t\t<\/div>\n\t\t<\/div>\n\t\t\t\t\t\t\t<\/div>\n\t\t<\/section>\n\t\t\t\t<section class=\"elementor-section elementor-top-section elementor-element elementor-element-8b98acd elementor-section-content-middle elementor-section-boxed elementor-section-height-default elementor-section-height-default\" data-id=\"8b98acd\" data-element_type=\"section\" data-settings=\"{&quot;background_background&quot;:&quot;classic&quot;}\">\n\t\t\t\t\t\t<div class=\"elementor-container elementor-column-gap-no\">\n\t\t\t\t\t<div class=\"elementor-column elementor-col-100 elementor-top-column elementor-element elementor-element-346f82f\" data-id=\"346f82f\" data-element_type=\"column\">\n\t\t\t<div class=\"elementor-widget-wrap elementor-element-populated\">\n\t\t\t\t\t\t\t\t<div class=\"elementor-element elementor-element-50f63fd elementor-widget elementor-widget-heading\" data-id=\"50f63fd\" data-element_type=\"widget\" data-widget_type=\"heading.default\">\n\t\t\t\t<div class=\"elementor-widget-container\">\n\t\t\t<h4 class=\"elementor-heading-title elementor-size-default\">Claves para conducir con precauci\u00f3n en la niebla<\/h4>\t\t<\/div>\n\t\t\t\t<\/div>\n\t\t\t\t<div class=\"elementor-element elementor-element-2f88f69 elementor-widget elementor-widget-text-editor\" data-id=\"2f88f69\" data-element_type=\"widget\" data-widget_type=\"text-editor.default\">\n\t\t\t\t<div class=\"elementor-widget-container\">\n\t\t\t\t\t\t\t<p>En M\u00e9xico hay muchas\u00a0<strong>carreteras<\/strong>\u00a0que suelen cubrirse\u00a0<strong>con neblina<\/strong>, especialmente durante la\u00a0<strong>temporada invernal<\/strong>. Si esto te llega a pasar, sobre todo en las pr\u00f3ximas vacaciones, te compartimos un par de\u00a0<strong>consejos para conducir con niebla<\/strong>. T\u00f3malas en cuenta, as\u00ed cuidar\u00e1s de ti y de tu familia.<\/p><h3>Utiliza tus luces correctamente.<\/h3><p><strong>Encender las luces<\/strong>\u00a0de tu carro o camioneta es importante para que tengas\u00a0<strong>mayor visibilidad<\/strong>, sin embargo,\u00a0<strong>nunca debes de utilizar las luces altas<\/strong>\u00a0ya que estas se reflejan en la neblina dificultando a\u00fan m\u00e1s tu visibilidad y la de los dem\u00e1s conductores.<\/p><p>Sin embargo, deber\u00e1s apagar los faros para neblina una vez que las condiciones del camino mejoren para evitar deslumbrar a los veh\u00edculos que se encuentren a tu alrededor.\u00a0<\/p>\t\t\t\t\t\t<\/div>\n\t\t\t\t<\/div>\n\t\t\t\t<div class=\"elementor-element elementor-element-0c34e0e elementor-widget elementor-widget-image\" data-id=\"0c34e0e\" data-element_type=\"widget\" data-widget_type=\"image.default\">\n\t\t\t\t<div class=\"elementor-widget-container\">\n\t\t\t\t\t\t\t\t\t\t\t\t\t\t\t<img loading=\"lazy\" decoding=\"async\" width=\"350\" height=\"350\" src=\"http:\/\/escuelademanejoalfa.com\/web\/wp-content\/uploads\/2022\/09\/tip16_3.png\" class=\"attachment-large size-large\" alt=\"\" srcset=\"http:\/\/escuelademanejoalfa.com\/web\/wp-content\/uploads\/2022\/09\/tip16_3.png 350w, http:\/\/escuelademanejoalfa.com\/web\/wp-content\/uploads\/2022\/09\/tip16_3-300x300.png 300w, http:\/\/escuelademanejoalfa.com\/web\/wp-content\/uploads\/2022\/09\/tip16_3-150x150.png 150w\" sizes=\"auto, (max-width: 350px) 100vw, 350px\" \/>\t\t\t\t\t\t\t\t\t\t\t\t\t\t\t<\/div>\n\t\t\t\t<\/div>\n\t\t\t\t\t<\/div>\n\t\t<\/div>\n\t\t\t\t\t\t\t<\/div>\n\t\t<\/section>\n\t\t\t\t<section class=\"elementor-section elementor-top-section elementor-element elementor-element-2f9b0ad elementor-section-content-middle elementor-section-boxed elementor-section-height-default elementor-section-height-default\" data-id=\"2f9b0ad\" data-element_type=\"section\" data-settings=\"{&quot;background_background&quot;:&quot;classic&quot;}\">\n\t\t\t\t\t\t<div class=\"elementor-container elementor-column-gap-no\">\n\t\t\t\t\t<div class=\"elementor-column elementor-col-100 elementor-top-column elementor-element elementor-element-6741c74\" data-id=\"6741c74\" data-element_type=\"column\">\n\t\t\t<div class=\"elementor-widget-wrap elementor-element-populated\">\n\t\t\t\t\t\t\t\t<div class=\"elementor-element elementor-element-8d581e2 elementor-widget__width-initial elementor-fixed elementor-shape-rounded elementor-grid-0 e-grid-align-center elementor-widget elementor-widget-social-icons\" data-id=\"8d581e2\" data-element_type=\"widget\" data-settings=\"{&quot;_position&quot;:&quot;fixed&quot;}\" data-widget_type=\"social-icons.default\">\n\t\t\t\t<div class=\"elementor-widget-container\">\n\t\t\t\t\t<div class=\"elementor-social-icons-wrapper elementor-grid\">\n\t\t\t\t\t\t\t<span class=\"elementor-grid-item\">\n\t\t\t\t\t<a class=\"elementor-icon elementor-social-icon elementor-social-icon-facebook elementor-animation-grow elementor-repeater-item-d313816\" href=\"https:\/\/www.facebook.com\/alfaescuelademanejo\" target=\"_blank\">\n\t\t\t\t\t\t<span class=\"elementor-screen-only\">Facebook<\/span>\n\t\t\t\t\t\t<i class=\"fab fa-facebook\"><\/i>\t\t\t\t\t<\/a>\n\t\t\t\t<\/span>\n\t\t\t\t\t\t\t<span class=\"elementor-grid-item\">\n\t\t\t\t\t<a class=\"elementor-icon elementor-social-icon elementor-social-icon-instagram elementor-animation-grow elementor-repeater-item-5b2db8f\" href=\"https:\/\/www.instagram.com\/alfaescuelademanejo\/\" target=\"_blank\">\n\t\t\t\t\t\t<span class=\"elementor-screen-only\">Instagram<\/span>\n\t\t\t\t\t\t<i class=\"fab fa-instagram\"><\/i>\t\t\t\t\t<\/a>\n\t\t\t\t<\/span>\n\t\t\t\t\t\t\t<span class=\"elementor-grid-item\">\n\t\t\t\t\t<a class=\"elementor-icon elementor-social-icon elementor-social-icon-tiktok elementor-animation-grow elementor-repeater-item-bace926\" href=\"https:\/\/www.tiktok.com\/@alfaescuelademanejo\" target=\"_blank\">\n\t\t\t\t\t\t<span class=\"elementor-screen-only\">Tiktok<\/span>\n\t\t\t\t\t\t<i class=\"fab fa-tiktok\"><\/i>\t\t\t\t\t<\/a>\n\t\t\t\t<\/span>\n\t\t\t\t\t\t\t<span class=\"elementor-grid-item\">\n\t\t\t\t\t<a class=\"elementor-icon elementor-social-icon elementor-social-icon-whatsapp elementor-animation-grow elementor-repeater-item-39aaac4\" href=\"http:\/\/wa.link\/kf408y\" target=\"_blank\">\n\t\t\t\t\t\t<span class=\"elementor-screen-only\">Whatsapp<\/span>\n\t\t\t\t\t\t<i class=\"fab fa-whatsapp\"><\/i>\t\t\t\t\t<\/a>\n\t\t\t\t<\/span>\n\t\t\t\t\t<\/div>\n\t\t\t\t<\/div>\n\t\t\t\t<\/div>\n\t\t\t\t<div class=\"elementor-element elementor-element-f9df196 elementor-widget elementor-widget-text-editor\" data-id=\"f9df196\" data-element_type=\"widget\" data-widget_type=\"text-editor.default\">\n\t\t\t\t<div class=\"elementor-widget-container\">\n\t\t\t\t\t\t\t<p style=\"text-align: left;\">Otros consejos para conducir en neblina:<\/p><ul><li style=\"text-align: left;\">Debido a que la\u00a0<strong>neblina provoca humedad que empapa el asfalto<\/strong>\u00a0y lo vuelve resbaladizo, es importante que\u00a0<strong>aumentes la distancia de seguridad<\/strong>\u00a0respecto al autom\u00f3vil delante tuyo.<\/li><li style=\"text-align: left;\">Si la niebla obstruye tu visibilidad, lo ideal es que\u00a0<strong>reduzcas tu velocidad de forma progresiva<\/strong>.<\/li><li style=\"text-align: left;\"><strong>Activa tus limpiaparabrisas de forma intermitente<\/strong>\u00a0y utiliza el\u00a0<strong>aire acondicionado para eliminar el vaho<\/strong>\u00a0del interior de tu veh\u00edculo. En caso de que esto no sea suficiente, es aconsejable\u00a0<strong>bajar ligeramente las ventanillas<\/strong>.<\/li><li style=\"text-align: left;\"><strong>Circula siempre por el carril derecho y evita adelantar<\/strong>. En caso de que la neblina sea densa, es recomendable que\u00a0<strong>mantengas la vista en las marcas longitudinales y laterales pintadas en el asfalto<\/strong>. Estas te brindar\u00e1n una importante referencia a la hora de manejar con poca visibilidad.<\/li><li style=\"text-align: left;\">Procura\u00a0<strong>conducir en silencio<\/strong>, baja el volumen de la radio e intenta agudizar el o\u00eddo para advertir la presencia de otros coches.<\/li><li style=\"text-align: left;\">En caso de que la visibilidad sea nula y te veas incapaz de conducir, lo mejor es que\u00a0<strong>salgas en la primera \u00e1rea de descanso o desv\u00edo y busques un lugar seguro<\/strong>\u00a0donde estacionarte hasta que la neblina desaparezca. Recuerda encender las intermitentes de emergencia para que los dem\u00e1s conductores te puedan ver.<\/li><\/ul>\t\t\t\t\t\t<\/div>\n\t\t\t\t<\/div>\n\t\t\t\t\t<\/div>\n\t\t<\/div>\n\t\t\t\t\t\t\t<\/div>\n\t\t<\/section>\n\t\t\t\t\t\t<\/div>\n\t\t\t\t\t<\/div>\n\t\t","protected":false},"excerpt":{"rendered":"<p>ALFA TIPS Claves para conducir con precauci\u00f3n en la niebla En M\u00e9xico hay muchas\u00a0carreteras\u00a0que suelen cubrirse\u00a0con neblina, especialmente durante la\u00a0temporada invernal. Si esto te llega a pasar, sobre todo en las pr\u00f3ximas vacaciones, te compartimos un par de\u00a0consejos para conducir con niebla. T\u00f3malas en cuenta, as\u00ed cuidar\u00e1s de ti y de tu familia. Utiliza tus &hellip;<\/p>\n<p class=\"read-more\"> <a class=\"\" href=\"http:\/\/escuelademanejoalfa.com\/web\/tip15\/\"> <span class=\"screen-reader-text\">tip15<\/span> Leer m\u00e1s &raquo;<\/a><\/p>\n","protected":false},"author":2,"featured_media":0,"parent":0,"menu_order":0,"comment_status":"closed","ping_status":"closed","template":"","meta":{"footnotes":""},"class_list":["post-1565","page","type-page","status-publish","hentry"],"_links":{"self":[{"href":"http:\/\/escuelademanejoalfa.com\/web\/wp-json\/wp\/v2\/pages\/1565","targetHints":{"allow":["GET"]}}],"collection":[{"href":"http:\/\/escuelademanejoalfa.com\/web\/wp-json\/wp\/v2\/pages"}],"about":[{"href":"http:\/\/escuelademanejoalfa.com\/web\/wp-json\/wp\/v2\/types\/page"}],"author":[{"embeddable":true,"href":"http:\/\/escuelademanejoalfa.com\/web\/wp-json\/wp\/v2\/users\/2"}],"replies":[{"embeddable":true,"href":"http:\/\/escuelademanejoalfa.com\/web\/wp-json\/wp\/v2\/comments?post=1565"}],"version-history":[{"count":10,"href":"http:\/\/escuelademanejoalfa.com\/web\/wp-json\/wp\/v2\/pages\/1565\/revisions"}],"predecessor-version":[{"id":1882,"href":"http:\/\/escuelademanejoalfa.com\/web\/wp-json\/wp\/v2\/pages\/1565\/revisions\/1882"}],"wp:attachment":[{"href":"http:\/\/escuelademanejoalfa.com\/web\/wp-json\/wp\/v2\/media?parent=1565"}],"curies":[{"name":"wp","href":"https:\/\/api.w.org\/{rel}","templated":true}]}}