{"id":1563,"date":"2022-09-08T15:08:51","date_gmt":"2022-09-08T15:08:51","guid":{"rendered":"http:\/\/escuelademanejoalfa.com\/web\/?page_id=1563"},"modified":"2022-09-19T20:59:15","modified_gmt":"2022-09-19T20:59:15","slug":"tip14","status":"publish","type":"page","link":"http:\/\/escuelademanejoalfa.com\/web\/tip14\/","title":{"rendered":"tip14"},"content":{"rendered":"\t\t<div data-elementor-type=\"wp-page\" data-elementor-id=\"1563\" class=\"elementor elementor-1563\" data-elementor-settings=\"[]\">\n\t\t\t\t\t\t\t<div class=\"elementor-section-wrap\">\n\t\t\t\t\t\t\t<section class=\"elementor-section elementor-top-section elementor-element elementor-element-154765a elementor-section-content-middle elementor-section-boxed elementor-section-height-default elementor-section-height-default\" data-id=\"154765a\" data-element_type=\"section\" data-settings=\"{&quot;background_background&quot;:&quot;classic&quot;}\">\n\t\t\t\t\t\t\t<div class=\"elementor-background-overlay\"><\/div>\n\t\t\t\t\t\t\t<div class=\"elementor-container elementor-column-gap-no\">\n\t\t\t\t\t<div class=\"elementor-column elementor-col-100 elementor-top-column elementor-element elementor-element-6aa51c0\" data-id=\"6aa51c0\" data-element_type=\"column\">\n\t\t\t<div class=\"elementor-widget-wrap elementor-element-populated\">\n\t\t\t\t\t\t\t\t<div class=\"elementor-element elementor-element-c852df6 elementor-widget elementor-widget-heading\" data-id=\"c852df6\" data-element_type=\"widget\" data-widget_type=\"heading.default\">\n\t\t\t\t<div class=\"elementor-widget-container\">\n\t\t\t<h2 class=\"elementor-heading-title elementor-size-default\">ALFA TIPS<\/h2>\t\t<\/div>\n\t\t\t\t<\/div>\n\t\t\t\t\t<\/div>\n\t\t<\/div>\n\t\t\t\t\t\t\t<\/div>\n\t\t<\/section>\n\t\t\t\t<section class=\"elementor-section elementor-top-section elementor-element elementor-element-86ba015 elementor-section-content-middle elementor-section-boxed elementor-section-height-default elementor-section-height-default\" data-id=\"86ba015\" data-element_type=\"section\" data-settings=\"{&quot;background_background&quot;:&quot;classic&quot;}\">\n\t\t\t\t\t\t<div class=\"elementor-container elementor-column-gap-no\">\n\t\t\t\t\t<div class=\"elementor-column elementor-col-100 elementor-top-column elementor-element elementor-element-2dd9c72\" data-id=\"2dd9c72\" data-element_type=\"column\">\n\t\t\t<div class=\"elementor-widget-wrap elementor-element-populated\">\n\t\t\t\t\t\t\t\t<div class=\"elementor-element elementor-element-a1e7a20 elementor-widget__width-initial elementor-fixed elementor-shape-rounded elementor-grid-0 e-grid-align-center elementor-widget elementor-widget-social-icons\" data-id=\"a1e7a20\" data-element_type=\"widget\" data-settings=\"{&quot;_position&quot;:&quot;fixed&quot;}\" data-widget_type=\"social-icons.default\">\n\t\t\t\t<div class=\"elementor-widget-container\">\n\t\t\t\t\t<div class=\"elementor-social-icons-wrapper elementor-grid\">\n\t\t\t\t\t\t\t<span class=\"elementor-grid-item\">\n\t\t\t\t\t<a class=\"elementor-icon elementor-social-icon elementor-social-icon-facebook elementor-animation-grow elementor-repeater-item-d313816\" href=\"https:\/\/www.facebook.com\/alfaescuelademanejo\" target=\"_blank\">\n\t\t\t\t\t\t<span class=\"elementor-screen-only\">Facebook<\/span>\n\t\t\t\t\t\t<i class=\"fab fa-facebook\"><\/i>\t\t\t\t\t<\/a>\n\t\t\t\t<\/span>\n\t\t\t\t\t\t\t<span class=\"elementor-grid-item\">\n\t\t\t\t\t<a class=\"elementor-icon elementor-social-icon elementor-social-icon-instagram elementor-animation-grow elementor-repeater-item-5b2db8f\" href=\"https:\/\/www.instagram.com\/alfaescuelademanejo\/\" target=\"_blank\">\n\t\t\t\t\t\t<span class=\"elementor-screen-only\">Instagram<\/span>\n\t\t\t\t\t\t<i class=\"fab fa-instagram\"><\/i>\t\t\t\t\t<\/a>\n\t\t\t\t<\/span>\n\t\t\t\t\t\t\t<span class=\"elementor-grid-item\">\n\t\t\t\t\t<a class=\"elementor-icon elementor-social-icon elementor-social-icon-tiktok elementor-animation-grow elementor-repeater-item-bace926\" href=\"https:\/\/www.tiktok.com\/@alfaescuelademanejo\" target=\"_blank\">\n\t\t\t\t\t\t<span class=\"elementor-screen-only\">Tiktok<\/span>\n\t\t\t\t\t\t<i class=\"fab fa-tiktok\"><\/i>\t\t\t\t\t<\/a>\n\t\t\t\t<\/span>\n\t\t\t\t\t\t\t<span class=\"elementor-grid-item\">\n\t\t\t\t\t<a class=\"elementor-icon elementor-social-icon elementor-social-icon-whatsapp elementor-animation-grow elementor-repeater-item-39aaac4\" href=\"http:\/\/wa.link\/kf408y\" target=\"_blank\">\n\t\t\t\t\t\t<span class=\"elementor-screen-only\">Whatsapp<\/span>\n\t\t\t\t\t\t<i class=\"fab fa-whatsapp\"><\/i>\t\t\t\t\t<\/a>\n\t\t\t\t<\/span>\n\t\t\t\t\t<\/div>\n\t\t\t\t<\/div>\n\t\t\t\t<\/div>\n\t\t\t\t<div class=\"elementor-element elementor-element-7945d5a elementor-widget elementor-widget-heading\" data-id=\"7945d5a\" data-element_type=\"widget\" data-widget_type=\"heading.default\">\n\t\t\t\t<div class=\"elementor-widget-container\">\n\t\t\t<h4 class=\"elementor-heading-title elementor-size-default\">Anticongelante: todo lo que necesitas saber<\/h4>\t\t<\/div>\n\t\t\t\t<\/div>\n\t\t\t\t<div class=\"elementor-element elementor-element-1e905e9 elementor-widget elementor-widget-text-editor\" data-id=\"1e905e9\" data-element_type=\"widget\" data-widget_type=\"text-editor.default\">\n\t\t\t\t<div class=\"elementor-widget-container\">\n\t\t\t\t\t\t\t<p>El\u00a0<strong>cuidado de las llantas<\/strong>\u00a0y de los<strong>\u00a0frenos\u00a0<\/strong>es primordial, as\u00ed como saber\u00a0<strong>qu\u00e9 es y para qu\u00e9 funciona el anticongelante o l\u00edquido refrigerante<\/strong>\u00a0ya que influye directamente en el estado del motor.<\/p>\t\t\t\t\t\t<\/div>\n\t\t\t\t<\/div>\n\t\t\t\t<div class=\"elementor-element elementor-element-514e246 elementor-widget elementor-widget-image\" data-id=\"514e246\" data-element_type=\"widget\" data-widget_type=\"image.default\">\n\t\t\t\t<div class=\"elementor-widget-container\">\n\t\t\t\t\t\t\t\t\t\t\t\t\t\t\t<img loading=\"lazy\" decoding=\"async\" width=\"350\" height=\"350\" src=\"http:\/\/escuelademanejoalfa.com\/web\/wp-content\/uploads\/2022\/09\/tip15_2.png\" class=\"attachment-large size-large\" alt=\"\" srcset=\"http:\/\/escuelademanejoalfa.com\/web\/wp-content\/uploads\/2022\/09\/tip15_2.png 350w, http:\/\/escuelademanejoalfa.com\/web\/wp-content\/uploads\/2022\/09\/tip15_2-300x300.png 300w, http:\/\/escuelademanejoalfa.com\/web\/wp-content\/uploads\/2022\/09\/tip15_2-150x150.png 150w\" sizes=\"auto, (max-width: 350px) 100vw, 350px\" \/>\t\t\t\t\t\t\t\t\t\t\t\t\t\t\t<\/div>\n\t\t\t\t<\/div>\n\t\t\t\t\t<\/div>\n\t\t<\/div>\n\t\t\t\t\t\t\t<\/div>\n\t\t<\/section>\n\t\t\t\t<section class=\"elementor-section elementor-top-section elementor-element elementor-element-1911749 elementor-section-content-middle elementor-section-boxed elementor-section-height-default elementor-section-height-default\" data-id=\"1911749\" data-element_type=\"section\" data-settings=\"{&quot;background_background&quot;:&quot;classic&quot;}\">\n\t\t\t\t\t\t<div class=\"elementor-container elementor-column-gap-no\">\n\t\t\t\t\t<div class=\"elementor-column elementor-col-100 elementor-top-column elementor-element elementor-element-05e931e\" data-id=\"05e931e\" data-element_type=\"column\">\n\t\t\t<div class=\"elementor-widget-wrap elementor-element-populated\">\n\t\t\t\t\t\t\t\t<div class=\"elementor-element elementor-element-0f18ee2 elementor-widget elementor-widget-text-editor\" data-id=\"0f18ee2\" data-element_type=\"widget\" data-widget_type=\"text-editor.default\">\n\t\t\t\t<div class=\"elementor-widget-container\">\n\t\t\t\t\t\t\t<h3>Tipos de anticongelante, \u00bfcu\u00e1ntos hay?<\/h3><p>Existes<strong>\u00a0dos tipos de l\u00edquido refrigerante<\/strong>, uno se\u00a0<strong>combina con agua destilada para obtener la mezcla adecuada<\/strong>\u00a0para el motor y\u00a0<strong>el otro ya viene previamente diluido<\/strong>. Ambos deben\u00a0<strong>usarse en la medida precisa<\/strong>\u00a0para mantener el adecuado funcionamiento de tu carro o camioneta.<\/p><p>La mejor manera para<strong>\u00a0conocer alguna situaci\u00f3n anormal<\/strong>\u00a0en tu carro es a trav\u00e9s del<strong>\u00a0indicador de temperatura<\/strong>\u00a0que te\u00a0<strong>avisar\u00e1 en caso de que no haya la cantidad suficiente de l\u00edquido refrigerante\u00a0<\/strong>o bien, cuando el dep\u00f3sito se encuentre vac\u00edo.<\/p><h3>\u00a0<\/h3><h3>\u00bfEn d\u00f3nde va el l\u00edquido refrigerante?<\/h3><p>El l\u00edquido refrigerante se vierte en el\u00a0<strong>vaso de expansi\u00f3n, un recipiente conectado al radiador<\/strong>. Est\u00e1 colocado en la parte superior del sistema de motorizaci\u00f3n, por lo que es muy f\u00e1cil verlo.<\/p>\t\t\t\t\t\t<\/div>\n\t\t\t\t<\/div>\n\t\t\t\t\t<\/div>\n\t\t<\/div>\n\t\t\t\t\t\t\t<\/div>\n\t\t<\/section>\n\t\t\t\t\t\t<\/div>\n\t\t\t\t\t<\/div>\n\t\t","protected":false},"excerpt":{"rendered":"<p>ALFA TIPS Facebook Instagram Tiktok Whatsapp Anticongelante: todo lo que necesitas saber El\u00a0cuidado de las llantas\u00a0y de los\u00a0frenos\u00a0es primordial, as\u00ed como saber\u00a0qu\u00e9 es y para qu\u00e9 funciona el anticongelante o l\u00edquido refrigerante\u00a0ya que influye directamente en el estado del motor. Tipos de anticongelante, \u00bfcu\u00e1ntos hay? Existes\u00a0dos tipos de l\u00edquido refrigerante, uno se\u00a0combina con agua destilada &hellip;<\/p>\n<p class=\"read-more\"> <a class=\"\" href=\"http:\/\/escuelademanejoalfa.com\/web\/tip14\/\"> <span class=\"screen-reader-text\">tip14<\/span> Leer m\u00e1s &raquo;<\/a><\/p>\n","protected":false},"author":2,"featured_media":0,"parent":0,"menu_order":0,"comment_status":"closed","ping_status":"closed","template":"","meta":{"footnotes":""},"class_list":["post-1563","page","type-page","status-publish","hentry"],"_links":{"self":[{"href":"http:\/\/escuelademanejoalfa.com\/web\/wp-json\/wp\/v2\/pages\/1563","targetHints":{"allow":["GET"]}}],"collection":[{"href":"http:\/\/escuelademanejoalfa.com\/web\/wp-json\/wp\/v2\/pages"}],"about":[{"href":"http:\/\/escuelademanejoalfa.com\/web\/wp-json\/wp\/v2\/types\/page"}],"author":[{"embeddable":true,"href":"http:\/\/escuelademanejoalfa.com\/web\/wp-json\/wp\/v2\/users\/2"}],"replies":[{"embeddable":true,"href":"http:\/\/escuelademanejoalfa.com\/web\/wp-json\/wp\/v2\/comments?post=1563"}],"version-history":[{"count":10,"href":"http:\/\/escuelademanejoalfa.com\/web\/wp-json\/wp\/v2\/pages\/1563\/revisions"}],"predecessor-version":[{"id":1879,"href":"http:\/\/escuelademanejoalfa.com\/web\/wp-json\/wp\/v2\/pages\/1563\/revisions\/1879"}],"wp:attachment":[{"href":"http:\/\/escuelademanejoalfa.com\/web\/wp-json\/wp\/v2\/media?parent=1563"}],"curies":[{"name":"wp","href":"https:\/\/api.w.org\/{rel}","templated":true}]}}